{"id":870,"date":"2018-10-05T14:41:50","date_gmt":"2018-10-05T18:41:50","guid":{"rendered":"http:\/\/mimijane.ca\/?page_id=870"},"modified":"2025-09-10T08:53:52","modified_gmt":"2025-09-10T12:53:52","slug":"logistics","status":"publish","type":"page","link":"https:\/\/mimijane.ca\/fr\/logistics","title":{"rendered":"Le \"Chantier\""},"content":{"rendered":"<div class=\"wp-block-group\"><div class=\"wp-block-group__inner-container is-layout-constrained wp-block-group-is-layout-constrained\">\n<div class=\"wp-block-group alignfull\"><div class=\"wp-block-group__inner-container is-layout-flow wp-block-group-is-layout-flow\">\n<div class=\"wp-block-group alignfull has-background-secondary-background-color has-background\" style=\"padding-top:var(--wp--preset--spacing--superbspacing-xxlarge);padding-right:var(--wp--preset--spacing--superbspacing-small);padding-bottom:var(--wp--preset--spacing--superbspacing-xxlarge);padding-left:var(--wp--preset--spacing--superbspacing-small)\"><div class=\"wp-block-group__inner-container is-layout-constrained wp-container-core-group-is-layout-6977f8fc wp-block-group-is-layout-constrained\">\n<div class=\"wp-block-group alignwide\"><div class=\"wp-block-group__inner-container is-layout-constrained wp-container-core-group-is-layout-5f87d255 wp-block-group-is-layout-constrained\">\n<h2 class=\"wp-block-heading has-text-align-center has-primary-color has-text-color has-superbfont-xxsmall-font-size\" style=\"font-style:normal;font-weight:700;letter-spacing:5px;text-transform:uppercase\">First SteP<\/h2>\n\n\n\n<h2 class=\"wp-block-heading has-text-align-center has-contrast-color has-text-color has-superbfont-xlarge-font-size\">Aller vivre en campagne<\/h2>\n\n\n\n<p class=\"has-text-align-center has-secondary-color has-text-color has-superbfont-small-font-size translation-block\">Le premier d\u00e9fi logistique pour construire un bateau\u2014en particulier un g\u00e9ant de 30 tonnes\u2014\u00e9tait de choisir o\u00f9. Nous avons explor\u00e9 diff\u00e9rentes options, toutes limit\u00e9es par une condition identique : nous voulions vivre et construire au m\u00eame endroit.<\/p>\n<\/div><\/div>\n\n\n\n<figure class=\"wp-block-image alignwide size-large has-custom-border\"><img loading=\"lazy\" decoding=\"async\" width=\"2560\" height=\"1440\" src=\"https:\/\/mimijane.ca\/wp-content\/uploads\/2025\/09\/thanksgiving2018-36-edited-scaled.jpg\" alt=\"\" class=\"wp-image-2720\" style=\"border-radius:16px\" srcset=\"https:\/\/mimijane.ca\/wp-content\/uploads\/2025\/09\/thanksgiving2018-36-edited-scaled.jpg 2560w, https:\/\/mimijane.ca\/wp-content\/uploads\/2025\/09\/thanksgiving2018-36-edited-500x281.jpg 500w, https:\/\/mimijane.ca\/wp-content\/uploads\/2025\/09\/thanksgiving2018-36-edited-1024x576.jpg 1024w, https:\/\/mimijane.ca\/wp-content\/uploads\/2025\/09\/thanksgiving2018-36-edited-768x432.jpg 768w, https:\/\/mimijane.ca\/wp-content\/uploads\/2025\/09\/thanksgiving2018-36-edited-1536x864.jpg 1536w, https:\/\/mimijane.ca\/wp-content\/uploads\/2025\/09\/thanksgiving2018-36-edited-2048x1152.jpg 2048w, https:\/\/mimijane.ca\/wp-content\/uploads\/2025\/09\/thanksgiving2018-36-edited-18x10.jpg 18w, https:\/\/mimijane.ca\/wp-content\/uploads\/2025\/09\/thanksgiving2018-36-edited-533x300.jpg 533w\" sizes=\"auto, (max-width: 2560px) 100vw, 2560px\" \/><\/figure>\n<\/div><\/div>\n<\/div><\/div>\n<\/div><\/div>\n\n\n\n<div class=\"wp-block-columns is-layout-flex wp-container-core-columns-is-layout-9d6595d7 wp-block-columns-is-layout-flex\">\n<div class=\"wp-block-column is-vertically-aligned-center is-layout-flow wp-block-column-is-layout-flow\" style=\"flex-basis:50%\">\n<p>En juin 2003, nous avons d\u00e9cid\u00e9 d\u2019acheter une maison \u00e0 la campagne, et c\u2019est l\u00e0 que nous nous sommes install\u00e9s. Nous avons eu la chance de trouver une propri\u00e9t\u00e9 charmante, mais il nous a fallu une ann\u00e9e enti\u00e8re pour la pr\u00e9parer avant de pouvoir commencer \u00e0 construire. La maison n\u00e9cessitait d\u2019importants travaux, et l\u2019atelier\u2026 eh bien, il en demandait encore plus.<\/p>\n\n\n\n<p>La v\u00e9rit\u00e9, c\u2019est que la maison \u00e9tait un peu en ruine. Cette vieille ferme centenaire avait \u00e9t\u00e9 n\u00e9glig\u00e9e, et une grande partie de la propri\u00e9t\u00e9 avait \u00e9t\u00e9 maltrait\u00e9e.<\/p>\n<\/div>\n\n\n\n<div class=\"wp-block-column is-layout-flow wp-block-column-is-layout-flow\" style=\"flex-basis:50%\">\n<figure class=\"wp-block-image size-medium has-custom-border\"><a href=\"https:\/\/mimijane.ca\/wp-content\/uploads\/2018\/10\/home1.jpg\"><img loading=\"lazy\" decoding=\"async\" width=\"500\" height=\"377\" src=\"https:\/\/mimijane.ca\/wp-content\/uploads\/2018\/10\/home1-500x377.jpg\" alt=\"\" class=\"wp-image-871\" style=\"border-radius:16px\" srcset=\"https:\/\/mimijane.ca\/wp-content\/uploads\/2018\/10\/home1-500x377.jpg 500w, https:\/\/mimijane.ca\/wp-content\/uploads\/2018\/10\/home1-768x580.jpg 768w, https:\/\/mimijane.ca\/wp-content\/uploads\/2018\/10\/home1-1024x773.jpg 1024w, https:\/\/mimijane.ca\/wp-content\/uploads\/2018\/10\/home1-150x113.jpg 150w, https:\/\/mimijane.ca\/wp-content\/uploads\/2018\/10\/home1.jpg 1632w\" sizes=\"auto, (max-width: 500px) 100vw, 500px\" \/><\/a><\/figure>\n<\/div>\n<\/div>\n\n\n\n<div class=\"wp-block-group alignfull is-style-default is-vertical is-layout-flex wp-container-core-group-is-layout-8cf370e7 wp-block-group-is-layout-flex\">\n<p class=\"has-text-align-left\">Romantiques et r\u00eaveurs que nous sommes, nous avons aper\u00e7u un petit coin de paradis : quelques acres rien qu\u2019\u00e0 nous, suffisamment isol\u00e9s pour ne pas avoir \u00e0 nous soucier des voisins.<\/p>\n\n\n\n<p>L\u2019un de nos crit\u00e8res essentiels \u00e9tait d\u2019avoir un atelier s\u00e9par\u00e9 de la maison, un endroit o\u00f9 les fum\u00e9es de soudure et la poussi\u00e8re resteraient confin\u00e9es \u00e0 l\u2019espace de travail.<\/p>\n\n\n\n<p>Pouss\u00e9s par la n\u00e9cessit\u00e9 (et peut-\u00eatre un brin d\u2019optimisme), nous nous sommes persuad\u00e9s que nous pouvions en faire un v\u00e9ritable atelier.<\/p>\n<\/div>\n\n\n\n<div style=\"height:44px\" aria-hidden=\"true\" class=\"wp-block-spacer\"><\/div>\n\n\n\n<hr class=\"wp-block-separator has-alpha-channel-opacity\"\/>\n\n\n\n<div style=\"height:44px\" aria-hidden=\"true\" class=\"wp-block-spacer\"><\/div>\n\n\n\n<figure class=\"wp-block-gallery has-nested-images columns-default is-cropped wp-block-gallery-2 is-layout-flex wp-block-gallery-is-layout-flex\">\n<figure class=\"wp-block-image has-custom-border\"><img loading=\"lazy\" decoding=\"async\" width=\"640\" height=\"480\" data-id=\"872\" src=\"https:\/\/mimijane.ca\/wp-content\/uploads\/2018\/10\/home2.jpg\" alt=\"\" class=\"wp-image-872\" style=\"border-radius:16px\" srcset=\"https:\/\/mimijane.ca\/wp-content\/uploads\/2018\/10\/home2.jpg 640w, https:\/\/mimijane.ca\/wp-content\/uploads\/2018\/10\/home2-500x375.jpg 500w, https:\/\/mimijane.ca\/wp-content\/uploads\/2018\/10\/home2-150x113.jpg 150w\" sizes=\"auto, (max-width: 640px) 100vw, 640px\" \/><figcaption class=\"wp-element-caption\">And this is where we were to make our shop<\/figcaption><\/figure>\n\n\n\n<figure class=\"wp-block-image has-custom-border\"><img loading=\"lazy\" decoding=\"async\" width=\"1024\" height=\"773\" data-id=\"873\" src=\"https:\/\/mimijane.ca\/wp-content\/uploads\/2018\/10\/home3-1024x773.jpg\" alt=\"\" class=\"wp-image-873\" style=\"border-radius:16px\" srcset=\"https:\/\/mimijane.ca\/wp-content\/uploads\/2018\/10\/home3.jpg 1024w, https:\/\/mimijane.ca\/wp-content\/uploads\/2018\/10\/home3-500x377.jpg 500w, https:\/\/mimijane.ca\/wp-content\/uploads\/2018\/10\/home3-768x580.jpg 768w, https:\/\/mimijane.ca\/wp-content\/uploads\/2018\/10\/home3-150x113.jpg 150w\" sizes=\"auto, (max-width: 1024px) 100vw, 1024px\" \/><figcaption class=\"wp-element-caption\">Down to a roof<\/figcaption><\/figure>\n\n\n\n<figure class=\"wp-block-image has-custom-border\"><img loading=\"lazy\" decoding=\"async\" width=\"1024\" height=\"773\" data-id=\"874\" src=\"https:\/\/mimijane.ca\/wp-content\/uploads\/2018\/10\/home4-1024x773.jpg\" alt=\"\" class=\"wp-image-874\" style=\"border-radius:16px\" srcset=\"https:\/\/mimijane.ca\/wp-content\/uploads\/2018\/10\/home4-1024x773.jpg 1024w, https:\/\/mimijane.ca\/wp-content\/uploads\/2018\/10\/home4-500x377.jpg 500w, https:\/\/mimijane.ca\/wp-content\/uploads\/2018\/10\/home4-768x580.jpg 768w, https:\/\/mimijane.ca\/wp-content\/uploads\/2018\/10\/home4-150x113.jpg 150w, https:\/\/mimijane.ca\/wp-content\/uploads\/2018\/10\/home4.jpg 1632w\" sizes=\"auto, (max-width: 1024px) 100vw, 1024px\" \/><figcaption class=\"wp-element-caption\">Already looking more like it<\/figcaption><\/figure>\n<\/figure>\n\n\n\n<p>Nous avons r\u00e9duit la grange \u00e0 ses poteaux et son toit, coul\u00e9 une dalle de ciment et reconstruit de nouveaux murs. Avec le recul, il aurait peut-\u00eatre \u00e9t\u00e9 plus simple de repartir de z\u00e9ro.<br><\/p>\n\n\n\n<figure class=\"wp-block-image has-custom-border\"><a href=\"http:\/\/mimijane.ca\/wp-content\/uploads\/2018\/10\/IMG_20180719_202454690-01-1024x768.jpeg\"><img loading=\"lazy\" decoding=\"async\" width=\"1024\" height=\"768\" src=\"http:\/\/mimijane.ca\/wp-content\/uploads\/2018\/10\/IMG_20180719_202454690-01-1024x768.jpeg\" alt=\"\" class=\"wp-image-1237\" style=\"border-radius:16px\" srcset=\"https:\/\/mimijane.ca\/wp-content\/uploads\/2018\/10\/IMG_20180719_202454690-01-1024x768.jpeg 1024w, https:\/\/mimijane.ca\/wp-content\/uploads\/2018\/10\/IMG_20180719_202454690-01-500x375.jpeg 500w, https:\/\/mimijane.ca\/wp-content\/uploads\/2018\/10\/IMG_20180719_202454690-01-768x576.jpeg 768w, https:\/\/mimijane.ca\/wp-content\/uploads\/2018\/10\/IMG_20180719_202454690-01-150x113.jpeg 150w\" sizes=\"auto, (max-width: 1024px) 100vw, 1024px\" \/><\/a><figcaption class=\"wp-element-caption\">Nous aimons notre atelier aujourd\u2019hui. Une large porte de garage \u00e0 une extr\u00e9mit\u00e9 et une porte-fen\u00eatre \u00e0 l\u2019autre le rendent agr\u00e9able et lumineux en \u00e9t\u00e9. Nous l\u2019avons bard\u00e9 en 2015.<\/figcaption><\/figure>\n\n\n\n<figure class=\"wp-block-image has-custom-border\"><a href=\"blob:http:\/\/mimijane.ca\/3e0de63a-8be4-4d6b-a555-91fe9ee960a3\"><img loading=\"lazy\" decoding=\"async\" width=\"4608\" height=\"3456\" src=\"http:\/\/mimijane.ca\/wp-content\/uploads\/2018\/10\/IMG_20180725_140404913-01.jpeg\" alt=\"\" class=\"wp-image-1339\" style=\"border-radius:16px\" srcset=\"https:\/\/mimijane.ca\/wp-content\/uploads\/2018\/10\/IMG_20180725_140404913-01.jpeg 4608w, https:\/\/mimijane.ca\/wp-content\/uploads\/2018\/10\/IMG_20180725_140404913-01-500x375.jpeg 500w, https:\/\/mimijane.ca\/wp-content\/uploads\/2018\/10\/IMG_20180725_140404913-01-768x576.jpeg 768w, https:\/\/mimijane.ca\/wp-content\/uploads\/2018\/10\/IMG_20180725_140404913-01-1024x768.jpeg 1024w, https:\/\/mimijane.ca\/wp-content\/uploads\/2018\/10\/IMG_20180725_140404913-01-150x113.jpeg 150w\" sizes=\"auto, (max-width: 4608px) 100vw, 4608px\" \/><\/a><figcaption class=\"wp-element-caption\">De la place dans l\u2019atelier pour de la bonne compagnie<\/figcaption><\/figure>\n\n\n\n<p>Avec le recul, je suis certain que le choix de cet endroit nous a sauv\u00e9s\u2014du temps, de l\u2019argent, et d\u2019innombrables tracas. Construire un bateau est toujours exigeant et co\u00fbteux, mais acheter cette petite propri\u00e9t\u00e9 \u00e0 la campagne a \u00e9t\u00e9 la d\u00e9cision la plus importante de notre projet. Elle nous a offert bien plus que de l\u2019espace\u202f: elle nous a donn\u00e9 un rythme, un mode de vie qui rendait le travail soutenable, presque agr\u00e9able.<\/p>\n\n\n\n<p>Les plaisirs \u00e9taient simples mais vitaux\u202f: pr\u00e9parer nos d\u00e9jeuners dans notre propre cuisine, \u00e9liminer les trajets quotidiens, se rafra\u00eechir d\u2019un plongeon rapide dans la piscine lors des journ\u00e9es \u00e9crasantes de chaleur, ou se r\u00e9chauffer dans la maison lorsque l\u2019hiver s\u2019installait. Les voisins \u00e9taient loin, les r\u00e8glements permissifs, et l\u2019absence de contraintes nous permettait de travailler \u00e0 notre rythme. Nous gardions le lieu ordonn\u00e9, convaincus qu\u2019un espace net et clair rend l\u2019esprit libre.<\/p>\n\n\n\n<p>Et puis il y avait la vie autour de nous. Les chiens, le chat, les poules, les canards\u2014des compagnons libres de leurs mouvements, capables de nous faire rire ou sourire chaque jour. Leur simple pr\u00e9sence rappelait que nous n\u2019\u00e9tions pas sur un chantier ordinaire\u202f: nous \u00e9tions chez nous.<\/p>\n\n\n\n<p>Vivre l\u00e0 o\u00f9 nous construisions nous a donn\u00e9 bien plus de temps. Plus de longues pr\u00e9parations chaque matin, plus de rangement fastidieux chaque soir. Si la m\u00e9t\u00e9o semblait incertaine, nous pouvions simplement essayer\u2014et m\u00eame deux heures de travail valaient mille fois mieux que des heures perdues en trajets et en installation.<\/p>\n\n\n\n<p>Le seul d\u00e9fi v\u00e9ritable, c\u2019\u00e9tait de r\u00e9sister \u00e0 l\u2019attrait du hamac, invitant et moelleux lors des apr\u00e8s-midis ensoleill\u00e9s. Et pourtant, d\u2019une mani\u00e8re ou d\u2019une autre, malgr\u00e9 les tentations, le travail avan\u00e7ait toujours.<\/p>\n\n\n\n<figure class=\"wp-block-image has-custom-border\"><img loading=\"lazy\" decoding=\"async\" width=\"2272\" height=\"1704\" src=\"http:\/\/mimijane.ca\/wp-content\/uploads\/2018\/10\/home5.jpg\" alt=\"\" class=\"wp-image-875\" style=\"border-radius:16px\" srcset=\"https:\/\/mimijane.ca\/wp-content\/uploads\/2018\/10\/home5.jpg 2272w, https:\/\/mimijane.ca\/wp-content\/uploads\/2018\/10\/home5-500x375.jpg 500w, https:\/\/mimijane.ca\/wp-content\/uploads\/2018\/10\/home5-768x576.jpg 768w, https:\/\/mimijane.ca\/wp-content\/uploads\/2018\/10\/home5-1024x768.jpg 1024w, https:\/\/mimijane.ca\/wp-content\/uploads\/2018\/10\/home5-150x113.jpg 150w\" sizes=\"auto, (max-width: 2272px) 100vw, 2272px\" \/><\/figure>\n\n\n\n<p>Et bien s\u00fbr, avec une ferme vient le besoin d\u2019un tracteur\u202f! Je n\u2019ai jamais pu r\u00e9sister \u00e0 tout ce qui est peint en rouge, alors nous avons ramen\u00e9 \u00e0 la maison un adorable petit International B250. Qu\u2019il s\u2019agisse de transporter de lourdes charges ou de d\u00e9broussailler le champ derri\u00e8re la maison, il a toujours tir\u00e9 bien au-del\u00e0 de sa part. D\u00e9j\u00e0 \u00e2g\u00e9 de plus de soixante ans lorsque nous l\u2019avons achet\u00e9, ce petit tracteur nous a fid\u00e8lement servis et a prouv\u00e9 sa valeur encore et encore. <\/p>\n\n\n\n<figure class=\"wp-block-image has-custom-border\"><img loading=\"lazy\" decoding=\"async\" width=\"1632\" height=\"1232\" src=\"http:\/\/mimijane.ca\/wp-content\/uploads\/2018\/10\/home6.jpg\" alt=\"\" class=\"wp-image-876\" style=\"border-radius:16px\" srcset=\"https:\/\/mimijane.ca\/wp-content\/uploads\/2018\/10\/home6.jpg 1632w, https:\/\/mimijane.ca\/wp-content\/uploads\/2018\/10\/home6-500x377.jpg 500w, https:\/\/mimijane.ca\/wp-content\/uploads\/2018\/10\/home6-768x580.jpg 768w, https:\/\/mimijane.ca\/wp-content\/uploads\/2018\/10\/home6-1024x773.jpg 1024w, https:\/\/mimijane.ca\/wp-content\/uploads\/2018\/10\/home6-150x113.jpg 150w\" sizes=\"auto, (max-width: 1632px) 100vw, 1632px\" \/><\/figure>\n\n\n\n<blockquote class=\"wp-block-quote is-layout-flow wp-block-quote-is-layout-flow\">\n<p>Le B250 nous a bien servis, mais si c\u2019\u00e9tait \u00e0 refaire, nous d\u00e9penserions un peu plus pour un tracteur dot\u00e9 d\u2019une pression descendante sur le godet et de la direction assist\u00e9e.\n\nPour reprendre une citation d\u2019\u00e9poque\u202f: nous avons franchi le pas.&nbsp;<\/p>\n<cite>Quote from the past, we made the move<\/cite><\/blockquote>\n\n\n\n<p>Le petit tracteur rouge ne nous a jamais laiss\u00e9s tomber, mais, avec le temps, nous avons ressenti le besoin d\u2019une mise \u00e0 jour et avons ramen\u00e9 \u00e0 la maison un \u00e9l\u00e9gant Kubota B26\u2026 \u00e9quip\u00e9 d\u2019une pelle r\u00e9tro ! Le plan \u00e9tait simple : mettre la pelle \u00e0 contribution dans tout le jardin, puis la revendre. Mais qui, vraiment, se s\u00e9pare jamais d\u2019une pelle r\u00e9tro ?<\/p>\n\n\n\n<p>Honn\u00eatement, si c\u2019\u00e9tait \u00e0 refaire, je partirais directement sur une machine moderne, avec de bons v\u00e9rins et un godet \u00e0 pression descendante. Cela rend la vie\u2014et le travail\u2014tellement plus facile.<\/p>\n\n\n\n<figure class=\"wp-block-image has-custom-border\"><img loading=\"lazy\" decoding=\"async\" width=\"3861\" height=\"2171\" src=\"http:\/\/mimijane.ca\/wp-content\/uploads\/2018\/10\/thanksgiving2018-22.jpg\" alt=\"\" class=\"wp-image-1236\" style=\"border-radius:16px\" srcset=\"https:\/\/mimijane.ca\/wp-content\/uploads\/2018\/10\/thanksgiving2018-22.jpg 3861w, https:\/\/mimijane.ca\/wp-content\/uploads\/2018\/10\/thanksgiving2018-22-500x281.jpg 500w, https:\/\/mimijane.ca\/wp-content\/uploads\/2018\/10\/thanksgiving2018-22-768x432.jpg 768w, https:\/\/mimijane.ca\/wp-content\/uploads\/2018\/10\/thanksgiving2018-22-1024x576.jpg 1024w, https:\/\/mimijane.ca\/wp-content\/uploads\/2018\/10\/thanksgiving2018-22-150x84.jpg 150w\" sizes=\"auto, (max-width: 3861px) 100vw, 3861px\" \/><figcaption class=\"wp-element-caption\">L\u2019orange remplace le rouge (pelle r\u00e9tro non mont\u00e9e)<\/figcaption><\/figure>\n\n\n\n<p>C\u2019est incroyable tout le travail qu\u2019il faut accomplir rien que pour se pr\u00e9parer \u00e0 construire. Une fois l\u2019atelier \u00e9rig\u00e9, il a encore fallu l\u2019am\u00e9nager correctement. Les outils ne font pas le ma\u00eetre, certes, mais de bons outils et un espace de travail bien organis\u00e9 sont inestimables. Un atelier propre et ordonn\u00e9 favorise non seulement un travail de qualit\u00e9, mais aussi la s\u00e9curit\u00e9. Mark est un peu maniaque de la s\u00e9curit\u00e9\u2026 et pour \u00eatre honn\u00eate, je suis d\u2019accord : garder tous mes membres en \u00e9tat de fonctionnement est un bon plan.<\/p>\n\n\n\n<p>Je ne voulais pas travailler par terre plus que n\u00e9cessaire ; il y aurait d\u00e9j\u00e0 assez de postures inconfortables \u00e0 g\u00e9rer. J\u2019ai donc construit plusieurs tables de soudure en acier de diff\u00e9rentes tailles, avec des pieds r\u00e9glables, pour pouvoir les d\u00e9placer et supporter de grandes pi\u00e8ces, comme les membrures du bateau, sur un plan bien plat. Mes deux tables principales ont des plateaux en acier de \u00bd pouce\u2014lourds et stables\u2014tandis que les autres sont plus l\u00e9g\u00e8res, avec des plateaux en acier de 1\/8 pouce, servant \u00e0 double usage : l\u2019une comme rallonge de scie sur table, l\u2019autre comme \u00e9tabli pour la scie \u00e0 onglets.<\/p>\n\n\n\n<figure class=\"wp-block-gallery has-nested-images columns-2 is-cropped wp-block-gallery-3 is-layout-flex wp-block-gallery-is-layout-flex\">\n<figure class=\"wp-block-image has-custom-border\"><img loading=\"lazy\" decoding=\"async\" width=\"1024\" height=\"768\" data-id=\"877\" src=\"https:\/\/mimijane.ca\/wp-content\/uploads\/2018\/10\/home7-1024x768.jpg\" alt=\"\" class=\"wp-image-877\" style=\"border-radius:16px\" srcset=\"https:\/\/mimijane.ca\/wp-content\/uploads\/2018\/10\/home7-1024x768.jpg 1024w, https:\/\/mimijane.ca\/wp-content\/uploads\/2018\/10\/home7-500x375.jpg 500w, https:\/\/mimijane.ca\/wp-content\/uploads\/2018\/10\/home7-768x576.jpg 768w, https:\/\/mimijane.ca\/wp-content\/uploads\/2018\/10\/home7-150x113.jpg 150w\" sizes=\"auto, (max-width: 1024px) 100vw, 1024px\" \/><\/figure>\n\n\n\n<figure class=\"wp-block-image has-custom-border\"><img loading=\"lazy\" decoding=\"async\" width=\"1024\" height=\"768\" data-id=\"879\" src=\"https:\/\/mimijane.ca\/wp-content\/uploads\/2018\/10\/home8-1024x768.jpg\" alt=\"\" class=\"wp-image-879\" style=\"border-radius:16px\" srcset=\"https:\/\/mimijane.ca\/wp-content\/uploads\/2018\/10\/home8-1024x768.jpg 1024w, https:\/\/mimijane.ca\/wp-content\/uploads\/2018\/10\/home8-500x375.jpg 500w, https:\/\/mimijane.ca\/wp-content\/uploads\/2018\/10\/home8-768x576.jpg 768w, https:\/\/mimijane.ca\/wp-content\/uploads\/2018\/10\/home8-150x113.jpg 150w\" sizes=\"auto, (max-width: 1024px) 100vw, 1024px\" \/><\/figure>\n\n\n\n<figure class=\"wp-block-image has-custom-border\"><img loading=\"lazy\" decoding=\"async\" width=\"1024\" height=\"768\" data-id=\"878\" src=\"https:\/\/mimijane.ca\/wp-content\/uploads\/2018\/10\/home10-1024x768.jpg\" alt=\"\" class=\"wp-image-878\" style=\"border-radius:16px\" srcset=\"https:\/\/mimijane.ca\/wp-content\/uploads\/2018\/10\/home10-1024x768.jpg 1024w, https:\/\/mimijane.ca\/wp-content\/uploads\/2018\/10\/home10-500x375.jpg 500w, https:\/\/mimijane.ca\/wp-content\/uploads\/2018\/10\/home10-768x576.jpg 768w, https:\/\/mimijane.ca\/wp-content\/uploads\/2018\/10\/home10-150x113.jpg 150w\" sizes=\"auto, (max-width: 1024px) 100vw, 1024px\" \/><\/figure>\n\n\n\n<figure class=\"wp-block-image has-custom-border\"><img loading=\"lazy\" decoding=\"async\" width=\"1024\" height=\"768\" data-id=\"880\" src=\"https:\/\/mimijane.ca\/wp-content\/uploads\/2018\/10\/home9-1024x768.jpg\" alt=\"\" class=\"wp-image-880\" style=\"border-radius:16px\" srcset=\"https:\/\/mimijane.ca\/wp-content\/uploads\/2018\/10\/home9-1024x768.jpg 1024w, https:\/\/mimijane.ca\/wp-content\/uploads\/2018\/10\/home9-500x375.jpg 500w, https:\/\/mimijane.ca\/wp-content\/uploads\/2018\/10\/home9-768x576.jpg 768w, https:\/\/mimijane.ca\/wp-content\/uploads\/2018\/10\/home9-150x113.jpg 150w\" sizes=\"auto, (max-width: 1024px) 100vw, 1024px\" \/><\/figure>\n<figcaption class=\"blocks-gallery-caption wp-element-caption\"><strong>Construction du gigantesque ch\u00e2ssis roulant en A<\/strong><br>Nous nous pr\u00e9parions \u00e0 soulever de grosses pi\u00e8ces lourdes. Tout l\u2019effort de mise en place servait \u00e0 pouvoir manier ces \u00e9l\u00e9ments massifs en toute s\u00e9curit\u00e9, un pas essentiel avant de passer \u00e0 la construction elle-m\u00eame.<\/figcaption><\/figure>\n\n\n\n<div class=\"wp-block-group\"><div class=\"wp-block-group__inner-container is-layout-constrained wp-block-group-is-layout-constrained\">\n<h3 class=\"wp-block-heading has-text-align-center\">To continue with blog posts regarding logistics :&nbsp;<br><\/h3>\n\n\n\n<div class=\"wp-block-buttons is-content-justification-center is-layout-flex wp-container-core-buttons-is-layout-16018d1d wp-block-buttons-is-layout-flex\">\n<div class=\"wp-block-button\"><a class=\"wp-block-button__link has-text-align-center wp-element-button\" href=\"https:\/\/mimijane.ca\/fr\/logistics\/blog-post-logistics-and-planning\/\">Blog Category Logistics and Planning<\/a><\/div>\n<\/div>\n<\/div><\/div>","protected":false},"excerpt":{"rendered":"<p>First SteP Moving To The Country The first logistical challenge in building a boat\u2014especially a 30-ton giant\u2014was the question of where. We explored different options, all constrained by the &hellip;<\/p>","protected":false},"author":1,"featured_media":1659,"parent":0,"menu_order":0,"comment_status":"closed","ping_status":"closed","template":"","meta":{"footnotes":""},"class_list":["post-870","page","type-page","status-publish","has-post-thumbnail","hentry"],"_links":{"self":[{"href":"https:\/\/mimijane.ca\/fr\/wp-json\/wp\/v2\/pages\/870","targetHints":{"allow":["GET"]}}],"collection":[{"href":"https:\/\/mimijane.ca\/fr\/wp-json\/wp\/v2\/pages"}],"about":[{"href":"https:\/\/mimijane.ca\/fr\/wp-json\/wp\/v2\/types\/page"}],"author":[{"embeddable":true,"href":"https:\/\/mimijane.ca\/fr\/wp-json\/wp\/v2\/users\/1"}],"replies":[{"embeddable":true,"href":"https:\/\/mimijane.ca\/fr\/wp-json\/wp\/v2\/comments?post=870"}],"version-history":[{"count":38,"href":"https:\/\/mimijane.ca\/fr\/wp-json\/wp\/v2\/pages\/870\/revisions"}],"predecessor-version":[{"id":2735,"href":"https:\/\/mimijane.ca\/fr\/wp-json\/wp\/v2\/pages\/870\/revisions\/2735"}],"wp:featuredmedia":[{"embeddable":true,"href":"https:\/\/mimijane.ca\/fr\/wp-json\/wp\/v2\/media\/1659"}],"wp:attachment":[{"href":"https:\/\/mimijane.ca\/fr\/wp-json\/wp\/v2\/media?parent=870"}],"curies":[{"name":"wp","href":"https:\/\/api.w.org\/{rel}","templated":true}]}}