{"id":28,"date":"2018-09-29T02:29:25","date_gmt":"2018-09-29T02:29:25","guid":{"rendered":"http:\/\/mimijane.ca\/?page_id=28"},"modified":"2025-09-09T07:04:25","modified_gmt":"2025-09-09T11:04:25","slug":"concept-and-design","status":"publish","type":"page","link":"https:\/\/mimijane.ca\/fr\/concept-and-design","title":{"rendered":"Concept et design"},"content":{"rendered":"<div class=\"wp-block-group alignwide is-nowrap is-layout-flex wp-container-core-group-is-layout-ad2f72ca wp-block-group-is-layout-flex\">\n<div class=\"wp-block-columns alignwide is-layout-flex wp-container-core-columns-is-layout-ad306d4b wp-block-columns-is-layout-flex\" style=\"margin-top:0;margin-bottom:0\">\n<div class=\"wp-block-column is-vertically-aligned-center is-layout-flow wp-block-column-is-layout-flow\" style=\"padding-right:0;padding-bottom:0;padding-left:0\">\n<figure class=\"wp-block-image size-full has-custom-border\"><img loading=\"lazy\" decoding=\"async\" width=\"600\" height=\"466\" src=\"https:\/\/mimijane.ca\/wp-content\/uploads\/2018\/09\/Dundee.jpg\" alt=\"\" class=\"wp-image-53\" style=\"border-radius:20px\" srcset=\"https:\/\/mimijane.ca\/wp-content\/uploads\/2018\/09\/Dundee.jpg 600w, https:\/\/mimijane.ca\/wp-content\/uploads\/2018\/09\/Dundee-500x388.jpg 500w, https:\/\/mimijane.ca\/wp-content\/uploads\/2018\/09\/Dundee-150x117.jpg 150w, https:\/\/mimijane.ca\/wp-content\/uploads\/2018\/09\/Dundee-400x311.jpg 400w\" sizes=\"auto, (max-width: 600px) 100vw, 600px\" \/><\/figure>\n<\/div>\n\n\n\n<div class=\"wp-block-column is-vertically-aligned-center is-layout-flow wp-block-column-is-layout-flow\">\n<h3 class=\"wp-block-heading has-text-align-center has-superbfont-large-font-size\">Le Reve<\/h3>\n\n\n\n<blockquote class=\"wp-block-quote is-layout-flow wp-block-quote-is-layout-flow\">\n<p>Ce projet est n\u00e9 de notre passion romantique pour les bateaux classiques (et d\u2019une grande dose d\u2019ambition na\u00efve). Le bateau s\u2019inspire des bateaux de travail \u00e0 voile traditionnels de Bretagne, plus pr\u00e9cis\u00e9ment des dundees de p\u00eache au thon de Concarneau. <br>Il est construit en acier tout en essayant de conserver du charme et des d\u00e9tails d\u2019un bateau traditionnel en bois.<\/p>\n<\/blockquote>\n\n\n\n<div style=\"height:37px\" aria-hidden=\"true\" class=\"wp-block-spacer\"><\/div>\n<\/div>\n<\/div>\n<\/div>\n\n\n\n<hr class=\"wp-block-separator has-alpha-channel-opacity\"\/>\n\n\n\n<div class=\"wp-block-group\"><div class=\"wp-block-group__inner-container is-layout-constrained wp-block-group-is-layout-constrained\">\n<h3 class=\"wp-block-heading\">Pourquoi en acier?<\/h3>\n\n\n\n<p>La r\u00e9ponse simple est que nous sommes tout plus \u00e0 l\u2019aise avec l\u2019acier ; Mimi Jane n\u2019est pas notre premier projet de bateau en acier.\nConstruire en acier plut\u00f4t qu\u2019en bois n\u2019est pas un choix du c\u0153ur, mais un choix de raison. La disponibilit\u00e9 et le co\u00fbt du bois de qualit\u00e9 pour un projet comme le n\u00f4tre auraient repr\u00e9sent\u00e9 un d\u00e9fi beaucoup plus important. Construire un bon bateau en bois n\u00e9cessite une grande s\u00e9lection de materiaux, permettant de choisir la pi\u00e8ce adapt\u00e9e, avec les bonnes dimensions et le bon grain pour chaque \u00e9l\u00e9ment. Pour cela, il faut soit avoir acc\u00e8s \u00e0 un lot de bois ou \u00e0 une scierie amortie par plusieurs projets\u2026 ou encore vivre dans un endroit o\u00f9 le bois de qualit\u00e9 est facilement disponible et peu co\u00fbteux, ce n'est pas ici.<br><br>L\u2019acier est un mat\u00e9riau uniforme, facilement disponible et de premi\u00e8re qualit\u00e9 au Canada. Nous avons d\u00e9marr\u00e9 le projet en ayant confiance en nos comp\u00e9tences en chaudronnerie et avec d\u00e9j\u00e0 une bonne connaissance des m\u00e9thodes de construction d\u2019une coque en acier. Bien qu\u2019il n\u2019ait pas naturellement le charme du bois, l\u2019acier poss\u00e8de de nombreuses qualit\u00e9s physiques qui en font un mat\u00e9riau de choix pour la construction navale.<br><br>Nous avons donc choisi l\u2019acier pour sa disponibilit\u00e9, sa qualit\u00e9 et pour nos comp\u00e9tences en soudure. Cependant, nous souhaitions que Mimi Jane conserve l\u2019apparence et le charme d\u2019un bateau traditionnel en bois. Cela se traduit par des d\u00e9tails esth\u00e9tiques soigneusement con\u00e7us, des proportions classiques et des lignes harmonieuses, rappelant les dundees de p\u00eache au thon de Concarneau.\n\nNotre objectif \u00e9tait de marier la robustesse moderne de l\u2019acier \u00e0 l\u2019\u00e9l\u00e9gance des bateaux traditionnels, tout en cr\u00e9ant un voilier fonctionnel et s\u00fbr, capable de naviguer confortablement sur de longues distances. Chaque d\u00e9cision de conception a \u00e9t\u00e9 guid\u00e9e par ce m\u00e9lange de tradition et de pragmatisme, en veillant \u00e0 ce que le bateau soit \u00e0 la fois agr\u00e9able \u00e0 regarder et fiable \u00e0 l\u2019usage.\u00a0<br><\/p>\n<\/div><\/div>\n\n\n\n<hr class=\"wp-block-separator has-alpha-channel-opacity is-style-default\"\/>\n\n\n\n<h3 class=\"wp-block-heading\">Design Process<\/h3>\n\n\n\n<div class=\"wp-block-group is-vertical is-layout-flex wp-container-core-group-is-layout-8cf370e7 wp-block-group-is-layout-flex\">\n<p>Art ou science ? La conception d\u2019un bateau est les deux \u00e0 la fois. C\u2019est un m\u00e9lange de choix intuitifs et calcul\u00e9s, toujours conformes aux normes (ABYC, Lloyd\u2019s).<\/p>\n\n\n\n<p>Nous avons commenc\u00e9 \u00e0 partir de nos connaissances communes, de nos d\u00e9sirs et surtout de notre capacit\u00e9 \u00e0 apprendre. Nous avons \u00e9tudi\u00e9 tout, des normes industrielles aux comp\u00e9tences n\u00e9cessaires : livres, internet, r\u00e9glementations, photos, mus\u00e9es, voyages, rencontres\u2026 aucune source d\u2019information n\u2019a \u00e9t\u00e9 n\u00e9glig\u00e9e.<\/p>\n\n\n\n<p>L\u2019objectif est de recr\u00e9er l\u2019apparence des bateaux du pass\u00e9, mais ce serait dommage de ne pas tirer parti des outils et des technologies dont nous disposons aujourd\u2019hui.<\/p>\n<\/div>\n\n\n\n<div style=\"height:37px\" aria-hidden=\"true\" class=\"wp-block-spacer\"><\/div>\n\n\n\n<figure class=\"wp-block-image has-custom-border\"><img loading=\"lazy\" decoding=\"async\" width=\"1857\" height=\"944\" src=\"http:\/\/mimijane.ca\/wp-content\/uploads\/2018\/09\/Rhino3.jpg\" alt=\"\" class=\"wp-image-30\" style=\"border-radius:20px\" srcset=\"https:\/\/mimijane.ca\/wp-content\/uploads\/2018\/09\/Rhino3.jpg 1857w, https:\/\/mimijane.ca\/wp-content\/uploads\/2018\/09\/Rhino3-500x254.jpg 500w, https:\/\/mimijane.ca\/wp-content\/uploads\/2018\/09\/Rhino3-768x390.jpg 768w, https:\/\/mimijane.ca\/wp-content\/uploads\/2018\/09\/Rhino3-1024x521.jpg 1024w, https:\/\/mimijane.ca\/wp-content\/uploads\/2018\/09\/Rhino3-150x76.jpg 150w\" sizes=\"auto, (max-width: 1857px) 100vw, 1857px\" \/><\/figure>\n\n\n\n<h3 class=\"wp-block-heading\">Conception assist\u00e9e par ordinateur<\/h3>\n\n\n\n<p>Dessiner le bateau en model 3d revient \u00e0 le construire virtuellement. Le travail de construction n\u2019est pas toujours plaisant ; disposer de plans d\u00e9taill\u00e9s, \u00e9labor\u00e9s dans le confort du bureau, permet de minimiser le temps pass\u00e9 \u00e0 transpirer et \u00e0 jurer.<\/p>\n\n\n\n<p>Au fil des ann\u00e9es, j\u2019ai utilis\u00e9 plusieurs logiciels de CAO (Conception Assist\u00e9e par Ordinateur), concevant et enrichissant un mod\u00e8le 3d pr\u00e9cis du bateau que nous construisons.<\/p>\n\n\n\n<h3 class=\"wp-block-heading\">Plan de formes<\/h3>\n\n\n\n<p>Tout a commenc\u00e9 par un mod\u00e8le de lignes et de surfaces pour d\u00e9terminer les formes de base et les principales sp\u00e9cifications hydrostatiques du navire que nous allions construire. Les lignes de base ont \u00e9t\u00e9 dessin\u00e9es avec le logiciel de conception maritime PROSURF, utilisant des surfaces NURB. Ce logiciel de mod\u00e9lisation de coque est utilis\u00e9 pour g\u00e9n\u00e9rer une surface de coque de la forme d\u00e9sir\u00e9e, pour l\u2019ajuster, fournir les lignes, les hydrostatiques de base, les informations sur la courbure et le d\u00e9veloppement 2D de la surface 3D.<\/p>\n\n\n\n<p>Caract\u00e9ristiques ayant guid\u00e9 nos choix pour la forme de la coque :<\/p>\n\n\n\n<ul class=\"wp-block-list\">\n<li>Esth\u00e9tique : une coque au style traditionnel, inspir\u00e9e des bateaux de travail \u00e0 voile de Bretagne<\/li>\n\n\n\n<li>Stabilit\u00e9 : nous souhaitons un voilier s\u00fbr pour la haute mer<\/li>\n\n\n\n<li>Facilit\u00e9 de construction : nous devons garder \u00e0 l\u2019esprit que nous construisons ce bateau et tenir compte de notre mat\u00e9riau de choix : l\u2019acier<\/li>\n<\/ul>\n\n\n\n<h3 class=\"wp-block-heading\">Mod\u00e8le de la coque et d\u00e9coupe NC<\/h3>\n\n\n\n<p class=\"translation-block\">Une fois les lignes valid\u00e9es, les formes de base ont \u00e9t\u00e9 export\u00e9es vers un logiciel de mod\u00e9lisation 3d en CAO. <br>\nLa mod\u00e9lisation 3d initiale a \u00e9t\u00e9 r\u00e9alis\u00e9e avec CADKEY, le logiciel que j\u2019utilisais \u00e0 l\u2019\u00e9cole. Depuis, je suis pass\u00e9 \u00e0 Rhino, un logiciel de mod\u00e9lisation NURBS bien adapt\u00e9 \u00e0 la conception navale.<\/p>\n\n\n\n<p>Le premier mod\u00e8le virtuel ne concernait que les structures de la charpente. Les membrures et plusieurs autres \u00e9l\u00e9ments ont \u00e9t\u00e9 d\u00e9coup\u00e9s num\u00e9riquement  \u00e0 partir des plans sur une grande table de d\u00e9coupe au plasma chez Brannon Steel \u00e0 Brampton (Toronto), produisant un v\u00e9ritable puzzle tridimensionnel du bateau.<\/p>\n\n\n\n<div class=\"wp-block-columns is-layout-flex wp-container-core-columns-is-layout-9d6595d7 wp-block-columns-is-layout-flex\">\n<div class=\"wp-block-column is-layout-flow wp-block-column-is-layout-flow\" style=\"border-radius:20px;flex-basis:100%\">\n<figure class=\"wp-block-gallery has-nested-images columns-4 is-cropped wp-block-gallery-2 is-layout-flex wp-block-gallery-is-layout-flex\" style=\"border-radius:20px\">\n<figure class=\"wp-block-image size-large has-custom-border\"><a href=\"https:\/\/mimijane.ca\/wp-content\/uploads\/2018\/09\/cad2.gif\"><img loading=\"lazy\" decoding=\"async\" width=\"430\" height=\"387\" data-id=\"31\" src=\"https:\/\/mimijane.ca\/wp-content\/uploads\/2018\/09\/cad2.gif\" alt=\"\" class=\"wp-image-31\" style=\"border-radius:20px\"\/><\/a><\/figure>\n\n\n\n<figure class=\"wp-block-image size-large has-custom-border\"><a href=\"https:\/\/mimijane.ca\/wp-content\/uploads\/2018\/09\/nc_cut.jpg\"><img loading=\"lazy\" decoding=\"async\" width=\"300\" height=\"170\" data-id=\"32\" src=\"https:\/\/mimijane.ca\/wp-content\/uploads\/2018\/09\/nc_cut.jpg\" alt=\"\" class=\"wp-image-32\" style=\"border-radius:20px\" srcset=\"https:\/\/mimijane.ca\/wp-content\/uploads\/2018\/09\/nc_cut.jpg 300w, https:\/\/mimijane.ca\/wp-content\/uploads\/2018\/09\/nc_cut-150x85.jpg 150w\" sizes=\"auto, (max-width: 300px) 100vw, 300px\" \/><\/a><\/figure>\n\n\n\n<figure class=\"wp-block-image size-large has-custom-border\"><a href=\"https:\/\/mimijane.ca\/wp-content\/uploads\/2018\/09\/sidevue.jpg\"><img loading=\"lazy\" decoding=\"async\" width=\"635\" height=\"436\" data-id=\"33\" src=\"https:\/\/mimijane.ca\/wp-content\/uploads\/2018\/09\/sidevue.jpg\" alt=\"\" class=\"wp-image-33\" style=\"border-radius:20px\" srcset=\"https:\/\/mimijane.ca\/wp-content\/uploads\/2018\/09\/sidevue.jpg 635w, https:\/\/mimijane.ca\/wp-content\/uploads\/2018\/09\/sidevue-500x343.jpg 500w, https:\/\/mimijane.ca\/wp-content\/uploads\/2018\/09\/sidevue-150x103.jpg 150w\" sizes=\"auto, (max-width: 635px) 100vw, 635px\" \/><\/a><\/figure>\n\n\n\n<figure class=\"wp-block-image size-large has-custom-border\"><a href=\"https:\/\/mimijane.ca\/wp-content\/uploads\/2018\/09\/topvue.jpg\"><img loading=\"lazy\" decoding=\"async\" width=\"635\" height=\"437\" data-id=\"34\" src=\"https:\/\/mimijane.ca\/wp-content\/uploads\/2018\/09\/topvue.jpg\" alt=\"\" class=\"wp-image-34\" style=\"border-radius:20px\" srcset=\"https:\/\/mimijane.ca\/wp-content\/uploads\/2018\/09\/topvue.jpg 635w, https:\/\/mimijane.ca\/wp-content\/uploads\/2018\/09\/topvue-500x344.jpg 500w, https:\/\/mimijane.ca\/wp-content\/uploads\/2018\/09\/topvue-150x103.jpg 150w\" sizes=\"auto, (max-width: 635px) 100vw, 635px\" \/><\/a><\/figure>\n<\/figure>\n<\/div>\n<\/div>\n\n\n\n<h3 class=\"wp-block-heading\" id=\"mce_0\">Le mod\u00e8le d\u2019assemblage complet<\/h3>\n\n\n\n<p>Un bateau est bien plus qu\u2019une simple coque : c\u2019est un assemblage d\u2019une multitude d\u2019\u00e9l\u00e9ments diff\u00e9rents. Tout est con\u00e7u en CAO et int\u00e9gr\u00e9 au mod\u00e8le principal d\u2019assemblage. Bien que cela puisse sembler repr\u00e9senter un \u00e9norme investissement en temps de conception, cela permet \u00e9galement de gagner beaucoup de temps \u00e0 l\u2019atelier et d\u2019\u00e9conomiser consid\u00e9rablement sur les essais-erreurs, avec tr\u00e8s peu de place au hasard.<br> <br>\u2026 et les dessins tridimensionnels sont plutot sympas a regarder. <br><\/p>\n\n\n\n<figure class=\"wp-block-gallery has-nested-images columns-default is-cropped wp-block-gallery-3 is-layout-flex wp-block-gallery-is-layout-flex\">\n<figure class=\"wp-block-image\"><a href=\"https:\/\/mimijane.ca\/wp-content\/uploads\/2018\/09\/Rhino-Engine.jpg\"><img loading=\"lazy\" decoding=\"async\" width=\"1024\" height=\"523\" data-id=\"36\" src=\"https:\/\/mimijane.ca\/wp-content\/uploads\/2018\/09\/Rhino-Engine-1024x523.jpg\" alt=\"\" class=\"wp-image-36\" srcset=\"https:\/\/mimijane.ca\/wp-content\/uploads\/2018\/09\/Rhino-Engine-1024x523.jpg 1024w, https:\/\/mimijane.ca\/wp-content\/uploads\/2018\/09\/Rhino-Engine-500x255.jpg 500w, https:\/\/mimijane.ca\/wp-content\/uploads\/2018\/09\/Rhino-Engine-768x392.jpg 768w, https:\/\/mimijane.ca\/wp-content\/uploads\/2018\/09\/Rhino-Engine-150x77.jpg 150w, https:\/\/mimijane.ca\/wp-content\/uploads\/2018\/09\/Rhino-Engine.jpg 1870w\" sizes=\"auto, (max-width: 1024px) 100vw, 1024px\" \/><\/a><\/figure>\n\n\n\n<figure class=\"wp-block-image\"><a href=\"https:\/\/mimijane.ca\/wp-content\/uploads\/2018\/09\/Rhino-interior.jpg\"><img loading=\"lazy\" decoding=\"async\" width=\"1024\" height=\"569\" data-id=\"37\" src=\"https:\/\/mimijane.ca\/wp-content\/uploads\/2018\/09\/Rhino-interior-1024x569.jpg\" alt=\"\" class=\"wp-image-37\" srcset=\"https:\/\/mimijane.ca\/wp-content\/uploads\/2018\/09\/Rhino-interior-1024x569.jpg 1024w, https:\/\/mimijane.ca\/wp-content\/uploads\/2018\/09\/Rhino-interior-500x278.jpg 500w, https:\/\/mimijane.ca\/wp-content\/uploads\/2018\/09\/Rhino-interior-768x427.jpg 768w, https:\/\/mimijane.ca\/wp-content\/uploads\/2018\/09\/Rhino-interior-150x83.jpg 150w, https:\/\/mimijane.ca\/wp-content\/uploads\/2018\/09\/Rhino-interior.jpg 1695w\" sizes=\"auto, (max-width: 1024px) 100vw, 1024px\" \/><\/a><\/figure>\n\n\n\n<figure class=\"wp-block-image\"><a href=\"https:\/\/mimijane.ca\/wp-content\/uploads\/2018\/09\/Rhino-sailplan.jpg\"><img loading=\"lazy\" decoding=\"async\" width=\"1024\" height=\"519\" data-id=\"39\" src=\"https:\/\/mimijane.ca\/wp-content\/uploads\/2018\/09\/Rhino-sailplan-1024x519.jpg\" alt=\"\" class=\"wp-image-39\" srcset=\"https:\/\/mimijane.ca\/wp-content\/uploads\/2018\/09\/Rhino-sailplan-1024x519.jpg 1024w, https:\/\/mimijane.ca\/wp-content\/uploads\/2018\/09\/Rhino-sailplan-500x253.jpg 500w, https:\/\/mimijane.ca\/wp-content\/uploads\/2018\/09\/Rhino-sailplan-768x389.jpg 768w, https:\/\/mimijane.ca\/wp-content\/uploads\/2018\/09\/Rhino-sailplan-150x76.jpg 150w, https:\/\/mimijane.ca\/wp-content\/uploads\/2018\/09\/Rhino-sailplan.jpg 1808w\" sizes=\"auto, (max-width: 1024px) 100vw, 1024px\" \/><\/a><\/figure>\n\n\n\n<figure class=\"wp-block-image\"><a href=\"https:\/\/mimijane.ca\/wp-content\/uploads\/2018\/09\/Rhino2.jpg\"><img loading=\"lazy\" decoding=\"async\" width=\"1024\" height=\"528\" data-id=\"38\" src=\"https:\/\/mimijane.ca\/wp-content\/uploads\/2018\/09\/Rhino2-1024x528.jpg\" alt=\"\" class=\"wp-image-38\" srcset=\"https:\/\/mimijane.ca\/wp-content\/uploads\/2018\/09\/Rhino2-1024x528.jpg 1024w, https:\/\/mimijane.ca\/wp-content\/uploads\/2018\/09\/Rhino2-500x258.jpg 500w, https:\/\/mimijane.ca\/wp-content\/uploads\/2018\/09\/Rhino2-768x396.jpg 768w, https:\/\/mimijane.ca\/wp-content\/uploads\/2018\/09\/Rhino2-150x77.jpg 150w, https:\/\/mimijane.ca\/wp-content\/uploads\/2018\/09\/Rhino2.jpg 1814w\" sizes=\"auto, (max-width: 1024px) 100vw, 1024px\" \/><\/a><\/figure>\n<\/figure>\n\n\n\n<div class=\"wp-block-group alignfull\"><div class=\"wp-block-group__inner-container is-layout-flow wp-block-group-is-layout-flow\">\n<div class=\"wp-block-group alignfull\" style=\"padding-top:var(--wp--preset--spacing--superbspacing-xxlarge);padding-right:var(--wp--preset--spacing--superbspacing-small);padding-bottom:var(--wp--preset--spacing--superbspacing-xxlarge);padding-left:var(--wp--preset--spacing--superbspacing-small)\"><div class=\"wp-block-group__inner-container is-layout-constrained wp-container-core-group-is-layout-94cf4cd9 wp-block-group-is-layout-constrained\">\n<hr class=\"wp-block-separator has-alpha-channel-opacity\"\/>\n\n\n\n<h3 class=\"wp-block-heading has-text-align-center\">Stabilite<\/h3>\n\n\n\n<div class=\"wp-block-columns alignwide is-layout-flex wp-container-core-columns-is-layout-ad306d4b wp-block-columns-is-layout-flex\" style=\"margin-top:0;margin-bottom:0\">\n<div class=\"wp-block-column is-vertically-aligned-center is-layout-flow wp-block-column-is-layout-flow\">\n<p>\n\nSi j\u2019avais un dollar \u00e0 chaque fois qu\u2019on me demande si je suis s\u00fbr qu\u2019il flottera\u2026 Oui, il flottera, comme me l\u2019assure Archim\u00e8de. Je peux \u00e9galement vous dire qu\u2019il flottera dans le bon sens.<\/p>\n\n\n\n<p>Bien s\u00fbr, concevoir un bateau ne se limite pas \u00e0 cr\u00e9er de belles formes et un am\u00e9nagement confortable. Les poids et les \u00e9quilibres sont une consid\u00e9ration constante.<\/p>\n\n\n\n<p>La Mimi Jane est con\u00e7ue selon des formes de bateaux traditionnelles \u00e0 fort d\u00e9placement et ne cherche en aucun cas \u00e0 repousser les limites d'ingenerie. Cela ne signifie pas que nous pouvions n\u00e9gliger l\u2019aspect de la stabilit\u00e9 dans la conception, mais nous ne r\u00e9inventions pas la roue.<\/p>\n<\/div>\n\n\n\n<div class=\"wp-block-column is-vertically-aligned-center is-layout-flow wp-block-column-is-layout-flow\" style=\"padding-right:0;padding-bottom:0;padding-left:0\">\n<figure class=\"wp-block-image has-custom-border\"><img loading=\"lazy\" decoding=\"async\" width=\"1111\" height=\"757\" src=\"http:\/\/mimijane.ca\/wp-content\/uploads\/2018\/09\/Stability.jpg\" alt=\"\" class=\"wp-image-41\" style=\"border-radius:20px\" srcset=\"https:\/\/mimijane.ca\/wp-content\/uploads\/2018\/09\/Stability.jpg 1111w, https:\/\/mimijane.ca\/wp-content\/uploads\/2018\/09\/Stability-500x341.jpg 500w, https:\/\/mimijane.ca\/wp-content\/uploads\/2018\/09\/Stability-768x523.jpg 768w, https:\/\/mimijane.ca\/wp-content\/uploads\/2018\/09\/Stability-1024x698.jpg 1024w, https:\/\/mimijane.ca\/wp-content\/uploads\/2018\/09\/Stability-150x102.jpg 150w\" sizes=\"auto, (max-width: 1111px) 100vw, 1111px\" \/><\/figure>\n<\/div>\n<\/div>\n\n\n\n<p>Encore une fois, j\u2019ai grandement b\u00e9n\u00e9fici\u00e9 de l\u2019utilisation de logiciels de conception assist\u00e9e par ordinateur. Chaque volume, masse et position est \u00e0 quelques clics pour alimenter des tableaux de calcul des poids et des \u00e9quilibres. Des heures et des heures de plaisir\u2026<br>Encore plus interressant a \u00e9t\u00e9 le mois d\u2019essai gratuit d\u2019Orca3D, un plugin d\u2019architecture navale pour Rhino. J\u2019ai pleinement profit\u00e9 de cette offre pour compiler des donn\u00e9es hydrostatiques et de stabilit\u00e9 compl\u00e8tes.&nbsp;\n\n<\/p>\n<\/div><\/div>\n<\/div><\/div>\n\n\n\n<hr class=\"wp-block-separator has-alpha-channel-opacity\"\/>","protected":false},"excerpt":{"rendered":"<p>The Dream This project is born from our romantic passion for classic boats (and a lot of naive ambition). The boat is inspired by Brittany&#8217;s traditional sailing work boats, &hellip;<\/p>","protected":false},"author":1,"featured_media":91,"parent":0,"menu_order":0,"comment_status":"closed","ping_status":"closed","template":"","meta":{"footnotes":""},"class_list":["post-28","page","type-page","status-publish","has-post-thumbnail","hentry"],"_links":{"self":[{"href":"https:\/\/mimijane.ca\/fr\/wp-json\/wp\/v2\/pages\/28","targetHints":{"allow":["GET"]}}],"collection":[{"href":"https:\/\/mimijane.ca\/fr\/wp-json\/wp\/v2\/pages"}],"about":[{"href":"https:\/\/mimijane.ca\/fr\/wp-json\/wp\/v2\/types\/page"}],"author":[{"embeddable":true,"href":"https:\/\/mimijane.ca\/fr\/wp-json\/wp\/v2\/users\/1"}],"replies":[{"embeddable":true,"href":"https:\/\/mimijane.ca\/fr\/wp-json\/wp\/v2\/comments?post=28"}],"version-history":[{"count":47,"href":"https:\/\/mimijane.ca\/fr\/wp-json\/wp\/v2\/pages\/28\/revisions"}],"predecessor-version":[{"id":2695,"href":"https:\/\/mimijane.ca\/fr\/wp-json\/wp\/v2\/pages\/28\/revisions\/2695"}],"wp:featuredmedia":[{"embeddable":true,"href":"https:\/\/mimijane.ca\/fr\/wp-json\/wp\/v2\/media\/91"}],"wp:attachment":[{"href":"https:\/\/mimijane.ca\/fr\/wp-json\/wp\/v2\/media?parent=28"}],"curies":[{"name":"wp","href":"https:\/\/api.w.org\/{rel}","templated":true}]}}