{"id":2522,"date":"2024-05-21T07:26:28","date_gmt":"2024-05-21T11:26:28","guid":{"rendered":"https:\/\/mimijane.ca\/?page_id=2522"},"modified":"2024-05-21T12:03:09","modified_gmt":"2024-05-21T16:03:09","slug":"where-is-mimi-jane","status":"publish","type":"page","link":"https:\/\/mimijane.ca\/fr\/where-is-mimi-jane","title":{"rendered":"Ou est Mimi Jane"},"content":{"rendered":"<h2>Ou est Mimi Jane<\/h2>\n\n\n\n<p>Mimi Jane est \u00e9quip\u00e9e d\u2019un \u00e9metteur-r\u00e9cepteur VHF AIS, permettant de transmettre notre position en temps r\u00e9el aux autres navires situ\u00e9s dans la port\u00e9e VHF.\nIl est important de savoir que les mises \u00e0 jour de position disponibles sur les applications de suivi de navires ne sont r\u00e9elles qu\u2019en temps r\u00e9el lorsque nous sommes \u00e0 port\u00e9e de navires ou de stations de base capables de relayer l\u2019information. Notre position la plus r\u00e9cente est toujours fournie avec un horodatage.\n\n(Note aux parents et amis attentionn\u00e9s : ne vous inqui\u00e9tez pas si notre position n\u2019est pas mise \u00e0 jour, il se peut simplement que l\u2019AIS soit \u00e9teint ou que nous soyons hors port\u00e9e.)&nbsp;<br>(Note \u00e0 l\u2019attention des parents et amis attentionn\u00e9s : ne vous inqui\u00e9tez pas si notre position n\u2019est pas mise \u00e0 jour, il se peut simplement que l\u2019AIS soit \u00e9teint ou que nous soyons hors de port\u00e9e.)<\/p>\n\n\n\n<p class=\"has-text-align-center\"><a href=\"https:\/\/www.marinetraffic.com\/en\/ais\/home\/shipid:7163189\/zoom:9\" target=\"_blank\" rel=\"noreferrer noopener\">Marine Traffic Ship Tracker<\/a><\/p>\n\n\n\n<h2>Ou est notre mouillage?<\/h2>\n\n\n\n<div class=\"wp-block-superb-addons-google-maps\"><div class=\"superbaddons-google-maps-block\" style=\"border-radius:0%;height:300px\"><iframe loading=\"lazy\" width=\"100%\" height=\"300px\" frameborder=\"0\" margin=\"0\" padding=\"0\" referrerpolicy=\"no-referrer-when-downgrade\" src=\"https:\/\/maps.google.com\/maps?width=100%&amp;height=100%&amp;q=scotch cove&amp;t=&amp;z=12&amp;hl=en&amp;ie=UTF8&amp;iwloc=B&amp;output=embed\"><\/iframe><\/div><\/div>\n\n\n\n<p>Son ancrage est dans Scotch Cove, a East Chester,  en Nouvelle-\u00c9cosse. Amarr\u00e9e sur son enorme corps-mort dans cette crique bien prot\u00e9g\u00e9e, \u00e0 proximit\u00e9 de notre maison, Mimi Jane est en s\u00e9curit\u00e9 et confortable.<\/p>\n\n\n\n<h2 class=\"wp-block-heading\">Hivernage<\/h2>\n\n\n\n<p>\u00catre proche d\u2019un chantier capable de sortir facilement Mimi Jane de l\u2019eau a \u00e9t\u00e9 un facteur important lorsque nous avons d\u00e9cid\u00e9 de d\u00e9m\u00e9nager en Nouvelle-\u00c9cosse.\nLe chantiers East River Shipyard est le point que nous avons marqu\u00e9 sur la carte lorsque nous avons commenc\u00e9 \u00e0 planifier notre d\u00e9m\u00e9nagement. Avec des travel lifts de 70 et 150 tonnes, il n\u2019y a aucune difficult\u00e9 \u00e0 y hiverner le bateau. <a href=\"https:\/\/www.eastrivershipyard.ca\/\">East River Shipyard\u00a0<\/a><\/p>","protected":false},"excerpt":{"rendered":"<p>Where is Mimi Jane? Mimi Jane is equiped with an VHF AIS transceiver providing our location real time to other vessels within VHF range. Be aware that the position &hellip;<\/p>","protected":false},"author":1,"featured_media":2547,"parent":0,"menu_order":0,"comment_status":"closed","ping_status":"closed","template":"","meta":{"footnotes":""},"class_list":["post-2522","page","type-page","status-publish","has-post-thumbnail","hentry"],"_links":{"self":[{"href":"https:\/\/mimijane.ca\/fr\/wp-json\/wp\/v2\/pages\/2522","targetHints":{"allow":["GET"]}}],"collection":[{"href":"https:\/\/mimijane.ca\/fr\/wp-json\/wp\/v2\/pages"}],"about":[{"href":"https:\/\/mimijane.ca\/fr\/wp-json\/wp\/v2\/types\/page"}],"author":[{"embeddable":true,"href":"https:\/\/mimijane.ca\/fr\/wp-json\/wp\/v2\/users\/1"}],"replies":[{"embeddable":true,"href":"https:\/\/mimijane.ca\/fr\/wp-json\/wp\/v2\/comments?post=2522"}],"version-history":[{"count":12,"href":"https:\/\/mimijane.ca\/fr\/wp-json\/wp\/v2\/pages\/2522\/revisions"}],"predecessor-version":[{"id":2546,"href":"https:\/\/mimijane.ca\/fr\/wp-json\/wp\/v2\/pages\/2522\/revisions\/2546"}],"wp:featuredmedia":[{"embeddable":true,"href":"https:\/\/mimijane.ca\/fr\/wp-json\/wp\/v2\/media\/2547"}],"wp:attachment":[{"href":"https:\/\/mimijane.ca\/fr\/wp-json\/wp\/v2\/media?parent=2522"}],"curies":[{"name":"wp","href":"https:\/\/api.w.org\/{rel}","templated":true}]}}