{"id":2256,"date":"2024-05-15T06:33:47","date_gmt":"2024-05-15T10:33:47","guid":{"rendered":"https:\/\/mimijane.ca\/?page_id=2256"},"modified":"2024-05-15T06:38:57","modified_gmt":"2024-05-15T10:38:57","slug":"from-the-yard-to-the-water","status":"publish","type":"page","link":"https:\/\/mimijane.ca\/fr\/from-the-yard-to-the-water","title":{"rendered":"Du chantier a flotter"},"content":{"rendered":"<h2 class=\"wp-block-heading has-text-align-center\">2022.....La mise a l'eau<\/h2>\n\n\n\n<p style=\"text-align: center;\">2022 a \u00e9t\u00e9 une ann\u00e9e exceptionelle pour l\u2019\u00e9quipage de Mimi Jane : la fin d\u2019un long chantier de construction et le d\u00e9but d\u2019une nouvelle et passionnante aventure sur l\u2019eau. Il y aurait tant \u00e0 dire sur cette ann\u00e9e folle, mais je me limiterai \u00e0 dire merci \u00e0 toutes celles et ceux qui \u00e9taient l\u00e0, de pr\u00e8s ou de loin : merci de nous avoir suivis, merci de nous avoir encourag\u00e9s, merci d\u2019avoir crois\u00e9 notre route et merci d\u2019avoir partag\u00e9 du temps avec nous. Tout cela compte, autant dans les moments de joie que face aux d\u00e9fis. 2022, tu as \u00e9t\u00e9 exigeante mais merveilleuse.\u00a0<\/p>\n\n\n\n<figure class=\"wp-block-embed is-type-video is-provider-youtube wp-block-embed-youtube wp-embed-aspect-16-9 wp-has-aspect-ratio\"><div class=\"wp-block-embed__wrapper\">\n<iframe loading=\"lazy\" title=\"Mimi Jane, from the yard to sailing - Year 2022\" width=\"1032\" height=\"581\" src=\"https:\/\/www.youtube.com\/embed\/QsSN04ZX7-o?start=11&#038;feature=oembed\" frameborder=\"0\" allow=\"accelerometer; autoplay; clipboard-write; encrypted-media; gyroscope; picture-in-picture; web-share\" referrerpolicy=\"strict-origin-when-cross-origin\" allowfullscreen><\/iframe>\n<\/div><\/figure>","protected":false},"excerpt":{"rendered":"<p>2022&#8230;. She was launched 2022 was a very special year for the Mimi Jane crew; it was the end of a long boat building journey and the start of &hellip;<\/p>","protected":false},"author":1,"featured_media":0,"parent":0,"menu_order":0,"comment_status":"closed","ping_status":"closed","template":"","meta":{"footnotes":""},"class_list":["post-2256","page","type-page","status-publish","hentry"],"_links":{"self":[{"href":"https:\/\/mimijane.ca\/fr\/wp-json\/wp\/v2\/pages\/2256","targetHints":{"allow":["GET"]}}],"collection":[{"href":"https:\/\/mimijane.ca\/fr\/wp-json\/wp\/v2\/pages"}],"about":[{"href":"https:\/\/mimijane.ca\/fr\/wp-json\/wp\/v2\/types\/page"}],"author":[{"embeddable":true,"href":"https:\/\/mimijane.ca\/fr\/wp-json\/wp\/v2\/users\/1"}],"replies":[{"embeddable":true,"href":"https:\/\/mimijane.ca\/fr\/wp-json\/wp\/v2\/comments?post=2256"}],"version-history":[{"count":4,"href":"https:\/\/mimijane.ca\/fr\/wp-json\/wp\/v2\/pages\/2256\/revisions"}],"predecessor-version":[{"id":2262,"href":"https:\/\/mimijane.ca\/fr\/wp-json\/wp\/v2\/pages\/2256\/revisions\/2262"}],"wp:attachment":[{"href":"https:\/\/mimijane.ca\/fr\/wp-json\/wp\/v2\/media?parent=2256"}],"curies":[{"name":"wp","href":"https:\/\/api.w.org\/{rel}","templated":true}]}}